{"id":1250,"date":"2023-08-18T15:19:33","date_gmt":"2023-08-18T13:19:33","guid":{"rendered":"https:\/\/biceberg.com\/empresa\/"},"modified":"2024-01-03T10:37:05","modified_gmt":"2024-01-03T09:37:05","slug":"empresa","status":"publish","type":"page","link":"https:\/\/biceberg.com\/es\/empresa\/","title":{"rendered":"Empresa"},"content":{"rendered":"\t\t<div data-elementor-type=\"wp-page\" data-elementor-id=\"1250\" class=\"elementor elementor-1250 elementor-85\" data-elementor-post-type=\"page\">\n\t\t\t\t\t\t<section class=\"elementor-section elementor-top-section elementor-element elementor-element-45d1473 elementor-section-height-min-height elementor-section-boxed elementor-section-height-default elementor-section-items-middle\" data-id=\"45d1473\" data-element_type=\"section\" data-settings=\"{&quot;background_background&quot;:&quot;classic&quot;}\">\n\t\t\t\t\t\t<div class=\"elementor-container elementor-column-gap-default\">\n\t\t\t\t\t<div class=\"elementor-column elementor-col-50 elementor-top-column elementor-element elementor-element-6a840ad\" data-id=\"6a840ad\" data-element_type=\"column\">\n\t\t\t<div class=\"elementor-widget-wrap elementor-element-populated\">\n\t\t\t\t\t\t<div class=\"elementor-element elementor-element-31eddc2 elementor-widget elementor-widget-heading\" data-id=\"31eddc2\" data-element_type=\"widget\" data-widget_type=\"heading.default\">\n\t\t\t\t<div class=\"elementor-widget-container\">\n\t\t\t\t\t<h1 class=\"elementor-heading-title elementor-size-default\">Empresa<\/h1>\t\t\t\t<\/div>\n\t\t\t\t<\/div>\n\t\t\t\t\t<\/div>\n\t\t<\/div>\n\t\t\t\t<div class=\"elementor-column elementor-col-50 elementor-top-column elementor-element elementor-element-d476f64\" data-id=\"d476f64\" data-element_type=\"column\">\n\t\t\t<div class=\"elementor-widget-wrap elementor-element-populated\">\n\t\t\t\t\t\t<div class=\"elementor-element elementor-element-81eb2cb elementor-align-right elementor-mobile-align-left elementor-widget elementor-widget-breadcrumbs\" data-id=\"81eb2cb\" data-element_type=\"widget\" data-widget_type=\"breadcrumbs.default\">\n\t\t\t\t<div class=\"elementor-widget-container\">\n\t\t\t\t\t<p id=\"breadcrumbs\"><span><span><a href=\"https:\/\/biceberg.com\/es\/\">Inicio<\/a><\/span><\/span><\/p>\t\t\t\t<\/div>\n\t\t\t\t<\/div>\n\t\t\t\t\t<\/div>\n\t\t<\/div>\n\t\t\t\t\t<\/div>\n\t\t<\/section>\n\t\t\t\t<section class=\"elementor-section elementor-top-section elementor-element elementor-element-709a0e5 elementor-section-boxed elementor-section-height-default elementor-section-height-default\" data-id=\"709a0e5\" data-element_type=\"section\">\n\t\t\t\t\t\t<div class=\"elementor-container elementor-column-gap-wider\">\n\t\t\t\t\t<div class=\"elementor-column elementor-col-50 elementor-top-column elementor-element elementor-element-0f4fd3f\" data-id=\"0f4fd3f\" data-element_type=\"column\">\n\t\t\t<div class=\"elementor-widget-wrap elementor-element-populated\">\n\t\t\t\t\t\t<div class=\"elementor-element elementor-element-e63f42e elementor-widget elementor-widget-image\" data-id=\"e63f42e\" data-element_type=\"widget\" data-widget_type=\"image.default\">\n\t\t\t\t<div class=\"elementor-widget-container\">\n\t\t\t\t\t\t\t\t\t\t\t\t\t\t\t<img fetchpriority=\"high\" decoding=\"async\" width=\"801\" height=\"802\" src=\"https:\/\/biceberg.com\/wp-content\/uploads\/2023\/08\/Biceberg-penedes.jpg\" class=\"attachment-large size-large wp-image-315\" alt=\"\" srcset=\"https:\/\/biceberg.com\/wp-content\/uploads\/2023\/08\/Biceberg-penedes.jpg 801w, https:\/\/biceberg.com\/wp-content\/uploads\/2023\/08\/Biceberg-penedes-300x300.jpg 300w, https:\/\/biceberg.com\/wp-content\/uploads\/2023\/08\/Biceberg-penedes-150x150.jpg 150w, https:\/\/biceberg.com\/wp-content\/uploads\/2023\/08\/Biceberg-penedes-768x769.jpg 768w\" sizes=\"(max-width: 801px) 100vw, 801px\" \/>\t\t\t\t\t\t\t\t\t\t\t\t\t\t\t<\/div>\n\t\t\t\t<\/div>\n\t\t\t\t\t<\/div>\n\t\t<\/div>\n\t\t\t\t<div class=\"elementor-column elementor-col-50 elementor-top-column elementor-element elementor-element-b6e0d85\" data-id=\"b6e0d85\" data-element_type=\"column\">\n\t\t\t<div class=\"elementor-widget-wrap elementor-element-populated\">\n\t\t\t\t\t\t<div class=\"elementor-element elementor-element-c24c516 elementor-widget elementor-widget-heading\" data-id=\"c24c516\" data-element_type=\"widget\" data-widget_type=\"heading.default\">\n\t\t\t\t<div class=\"elementor-widget-container\">\n\t\t\t\t\t<h2 class=\"elementor-heading-title elementor-size-default\">\u00bfA qu\u00e9 nos dedicamos?<\/h2>\t\t\t\t<\/div>\n\t\t\t\t<\/div>\n\t\t\t\t<div class=\"elementor-element elementor-element-a0b97dc elementor-widget elementor-widget-text-editor\" data-id=\"a0b97dc\" data-element_type=\"widget\" data-widget_type=\"text-editor.default\">\n\t\t\t\t<div class=\"elementor-widget-container\">\n\t\t\t\t\t\t\t\t\t<p>La sociedad limitada ma-SISTEMAS, s.l. fue creada en 1994 para desarrollar un sistema seguro para el estacionamiento de bicicletas.<\/p><p>Somos una empresa con una larga tradici\u00f3n y experiencia en el dise\u00f1o, desarrollo y construcci\u00f3n de sistemas autom\u00e1ticos de aparcamiento para bicicletas.<\/p><p>Con el fin de dise\u00f1ar un producto \u00fanico, trabajamos para mejorar cualquier dise\u00f1o disponible de acuerdo con las expectativas y las necesidades de nuestros clientes, que son la raz\u00f3n de nuestro ser, y ganarnos su confianza y fidelidad.<\/p>\t\t\t\t\t\t\t\t<\/div>\n\t\t\t\t<\/div>\n\t\t\t\t\t<\/div>\n\t\t<\/div>\n\t\t\t\t\t<\/div>\n\t\t<\/section>\n\t\t\t\t<section class=\"elementor-section elementor-top-section elementor-element elementor-element-b4efc14 elementor-section-content-middle elementor-section-boxed elementor-section-height-default elementor-section-height-default\" data-id=\"b4efc14\" data-element_type=\"section\" data-settings=\"{&quot;background_background&quot;:&quot;classic&quot;}\">\n\t\t\t\t\t\t<div class=\"elementor-container elementor-column-gap-default\">\n\t\t\t\t\t<div class=\"elementor-column elementor-col-100 elementor-top-column elementor-element elementor-element-bc4f171\" data-id=\"bc4f171\" data-element_type=\"column\">\n\t\t\t<div class=\"elementor-widget-wrap elementor-element-populated\">\n\t\t\t\t\t\t<div class=\"elementor-element elementor-element-eff710e elementor-widget elementor-widget-text-editor\" data-id=\"eff710e\" data-element_type=\"widget\" data-widget_type=\"text-editor.default\">\n\t\t\t\t<div class=\"elementor-widget-container\">\n\t\t\t\t\t\t\t\t\t<p>Con m\u00e1s de 25 a\u00f1os de experiencia en el sector de los aparcamientos automatizados para bicicletas, nos comprometemos a ayudar a nuestros clientes a tomar decisiones bien informadas sobre la mejor soluci\u00f3n para su proyecto.<\/p>\n\t\t\t\t\t\t\t\t<\/div>\n\t\t\t\t<\/div>\n\t\t\t\t\t<\/div>\n\t\t<\/div>\n\t\t\t\t\t<\/div>\n\t\t<\/section>\n\t\t\t\t<section class=\"elementor-section elementor-top-section elementor-element elementor-element-2fef265 elementor-section-boxed elementor-section-height-default elementor-section-height-default\" data-id=\"2fef265\" data-element_type=\"section\">\n\t\t\t\t\t\t<div class=\"elementor-container elementor-column-gap-default\">\n\t\t\t\t\t<div class=\"elementor-column elementor-col-100 elementor-top-column elementor-element elementor-element-183b9fb\" data-id=\"183b9fb\" data-element_type=\"column\" data-settings=\"{&quot;background_background&quot;:&quot;classic&quot;}\">\n\t\t\t<div class=\"elementor-widget-wrap elementor-element-populated\">\n\t\t\t\t\t\t<div class=\"elementor-element elementor-element-93b251a elementor-arrows-position-inside elementor-pagination-position-outside elementor-widget elementor-widget-image-carousel\" data-id=\"93b251a\" data-element_type=\"widget\" data-settings=\"{&quot;slides_to_show&quot;:&quot;1&quot;,&quot;navigation&quot;:&quot;both&quot;,&quot;autoplay&quot;:&quot;yes&quot;,&quot;pause_on_hover&quot;:&quot;yes&quot;,&quot;pause_on_interaction&quot;:&quot;yes&quot;,&quot;autoplay_speed&quot;:5000,&quot;infinite&quot;:&quot;yes&quot;,&quot;effect&quot;:&quot;slide&quot;,&quot;speed&quot;:500}\" data-widget_type=\"image-carousel.default\">\n\t\t\t\t<div class=\"elementor-widget-container\">\n\t\t\t\t\t\t\t<div class=\"elementor-image-carousel-wrapper swiper\" role=\"region\" aria-roledescription=\"carousel\" aria-label=\"Carrusel de im\u00e1genes\" dir=\"ltr\">\n\t\t\t<div class=\"elementor-image-carousel swiper-wrapper\" aria-live=\"off\">\n\t\t\t\t\t\t\t\t<div class=\"swiper-slide\" role=\"group\" aria-roledescription=\"slide\" aria-label=\"1 de 7\"><figure class=\"swiper-slide-inner\"><img decoding=\"async\" class=\"swiper-slide-image\" src=\"https:\/\/biceberg.com\/wp-content\/uploads\/2023\/08\/biceberg-company_0006_1_polonia-1-scaled.jpg\" alt=\"biceberg-company_0006_1_polonia (1)\" \/><\/figure><\/div><div class=\"swiper-slide\" role=\"group\" aria-roledescription=\"slide\" aria-label=\"2 de 7\"><figure class=\"swiper-slide-inner\"><img decoding=\"async\" class=\"swiper-slide-image\" src=\"https:\/\/biceberg.com\/wp-content\/uploads\/2023\/08\/biceberg-company_0005_4_BEERSHEVA-BICEBERG-1-scaled.jpg\" alt=\"biceberg-company_0005_4_BEERSHEVA BICEBERG (1)\" \/><\/figure><\/div><div class=\"swiper-slide\" role=\"group\" aria-roledescription=\"slide\" aria-label=\"3 de 7\"><figure class=\"swiper-slide-inner\"><img decoding=\"async\" class=\"swiper-slide-image\" src=\"https:\/\/biceberg.com\/wp-content\/uploads\/2023\/08\/biceberg-company_0004_11_paseo-de-gracia-forum-2-1-scaled.jpg\" alt=\"biceberg-company_0004_11_paseo de gracia forum (2) (1)\" \/><\/figure><\/div><div class=\"swiper-slide\" role=\"group\" aria-roledescription=\"slide\" aria-label=\"4 de 7\"><figure class=\"swiper-slide-inner\"><img decoding=\"async\" class=\"swiper-slide-image\" src=\"https:\/\/biceberg.com\/wp-content\/uploads\/2023\/08\/biceberg-company_0003_21_ferrol-2-scaled.jpg\" alt=\"biceberg-company_0003_21_ferrol 2\" \/><\/figure><\/div><div class=\"swiper-slide\" role=\"group\" aria-roledescription=\"slide\" aria-label=\"5 de 7\"><figure class=\"swiper-slide-inner\"><img decoding=\"async\" class=\"swiper-slide-image\" src=\"https:\/\/biceberg.com\/wp-content\/uploads\/2023\/08\/biceberg-company_0002_22_Bigloo-Sumes-AG-scaled.jpg\" alt=\"biceberg-company_0002_22_Bigloo Sumes AG\" \/><\/figure><\/div><div class=\"swiper-slide\" role=\"group\" aria-roledescription=\"slide\" aria-label=\"6 de 7\"><figure class=\"swiper-slide-inner\"><img decoding=\"async\" class=\"swiper-slide-image\" src=\"https:\/\/biceberg.com\/wp-content\/uploads\/2023\/08\/biceberg-company_0001_Automatic-bicycle-parking-08-scaled.jpg\" alt=\"biceberg-company_0001_Automatic-bicycle-parking-08\" \/><\/figure><\/div><div class=\"swiper-slide\" role=\"group\" aria-roledescription=\"slide\" aria-label=\"7 de 7\"><figure class=\"swiper-slide-inner\"><img decoding=\"async\" class=\"swiper-slide-image\" src=\"https:\/\/biceberg.com\/wp-content\/uploads\/2023\/08\/biceberg-company_0000_CIMG2632-scaled.jpg\" alt=\"biceberg-company_0000_CIMG2632\" \/><\/figure><\/div>\t\t\t<\/div>\n\t\t\t\t\t\t\t\t\t\t\t\t<div class=\"elementor-swiper-button elementor-swiper-button-prev\" role=\"button\" tabindex=\"0\">\n\t\t\t\t\t\t<i aria-hidden=\"true\" class=\"eicon-chevron-left\"><\/i>\t\t\t\t\t<\/div>\n\t\t\t\t\t<div class=\"elementor-swiper-button elementor-swiper-button-next\" role=\"button\" tabindex=\"0\">\n\t\t\t\t\t\t<i aria-hidden=\"true\" class=\"eicon-chevron-right\"><\/i>\t\t\t\t\t<\/div>\n\t\t\t\t\n\t\t\t\t\t\t\t\t\t<div class=\"swiper-pagination\"><\/div>\n\t\t\t\t\t\t\t\t\t<\/div>\n\t\t\t\t\t\t<\/div>\n\t\t\t\t<\/div>\n\t\t\t\t\t<\/div>\n\t\t<\/div>\n\t\t\t\t\t<\/div>\n\t\t<\/section>\n\t\t\t\t<section class=\"elementor-section elementor-top-section elementor-element elementor-element-4f261df elementor-section-height-min-height elementor-section-boxed elementor-section-height-default elementor-section-items-middle\" data-id=\"4f261df\" data-element_type=\"section\" data-settings=\"{&quot;background_background&quot;:&quot;classic&quot;}\">\n\t\t\t\t\t\t<div class=\"elementor-container elementor-column-gap-default\">\n\t\t\t\t\t<div class=\"elementor-column elementor-col-50 elementor-top-column elementor-element elementor-element-1aadd22\" data-id=\"1aadd22\" data-element_type=\"column\">\n\t\t\t<div class=\"elementor-widget-wrap elementor-element-populated\">\n\t\t\t\t\t\t<div class=\"elementor-element elementor-element-219d62e elementor-widget elementor-widget-heading\" data-id=\"219d62e\" data-element_type=\"widget\" data-widget_type=\"heading.default\">\n\t\t\t\t<div class=\"elementor-widget-container\">\n\t\t\t\t\t<h2 class=\"elementor-heading-title elementor-size-default\">\u00bfQuieres saber m\u00e1s sobre nuestros garajes para bicicletas? Contacta con nosotros<\/h2>\t\t\t\t<\/div>\n\t\t\t\t<\/div>\n\t\t\t\t\t<\/div>\n\t\t<\/div>\n\t\t\t\t<div class=\"elementor-column elementor-col-50 elementor-top-column elementor-element elementor-element-2add522\" data-id=\"2add522\" data-element_type=\"column\">\n\t\t\t<div class=\"elementor-widget-wrap elementor-element-populated\">\n\t\t\t\t\t\t<div class=\"elementor-element elementor-element-64ef15e elementor-mobile-align-left elementor-align-right elementor-widget elementor-widget-button\" data-id=\"64ef15e\" data-element_type=\"widget\" data-widget_type=\"button.default\">\n\t\t\t\t<div class=\"elementor-widget-container\">\n\t\t\t\t\t\t\t\t\t<div class=\"elementor-button-wrapper\">\n\t\t\t\t\t<a class=\"elementor-button elementor-button-link elementor-size-sm\" href=\"https:\/\/biceberg.com\/es\/contacto\/\">\n\t\t\t\t\t\t<span class=\"elementor-button-content-wrapper\">\n\t\t\t\t\t\t\t\t\t<span class=\"elementor-button-text\">Contacto<\/span>\n\t\t\t\t\t<\/span>\n\t\t\t\t\t<\/a>\n\t\t\t\t<\/div>\n\t\t\t\t\t\t\t\t<\/div>\n\t\t\t\t<\/div>\n\t\t\t\t\t<\/div>\n\t\t<\/div>\n\t\t\t\t\t<\/div>\n\t\t<\/section>\n\t\t\t\t<\/div>\n\t\t","protected":false},"excerpt":{"rendered":"<p>Empresa \u00bfA qu\u00e9 nos dedicamos? La sociedad limitada ma-SISTEMAS, s.l. fue creada en 1994 para desarrollar un sistema seguro para el estacionamiento de bicicletas. Somos una empresa con una larga tradici\u00f3n y experiencia en el dise\u00f1o, desarrollo y construcci\u00f3n de sistemas autom\u00e1ticos de aparcamiento para bicicletas. Con el fin de dise\u00f1ar un producto \u00fanico, trabajamos [&hellip;]<\/p>\n","protected":false},"author":1,"featured_media":0,"parent":0,"menu_order":0,"comment_status":"closed","ping_status":"closed","template":"elementor_header_footer","meta":{"_acf_changed":false,"site-sidebar-layout":"no-sidebar","site-content-layout":"page-builder","ast-site-content-layout":"full-width-container","site-content-style":"unboxed","site-sidebar-style":"unboxed","ast-global-header-display":"","ast-banner-title-visibility":"","ast-main-header-display":"","ast-hfb-above-header-display":"","ast-hfb-below-header-display":"","ast-hfb-mobile-header-display":"","site-post-title":"disabled","ast-breadcrumbs-content":"","ast-featured-img":"disabled","footer-sml-layout":"","theme-transparent-header-meta":"default","adv-header-id-meta":"","stick-header-meta":"","header-above-stick-meta":"","header-main-stick-meta":"","header-below-stick-meta":"","astra-migrate-meta-layouts":"set","ast-page-background-enabled":"default","ast-page-background-meta":{"desktop":{"background-color":"var(--ast-global-color-4)","background-image":"","background-repeat":"repeat","background-position":"center center","background-size":"auto","background-attachment":"scroll","background-type":"","background-media":"","overlay-type":"","overlay-color":"","overlay-opacity":"","overlay-gradient":""},"tablet":{"background-color":"","background-image":"","background-repeat":"repeat","background-position":"center center","background-size":"auto","background-attachment":"scroll","background-type":"","background-media":"","overlay-type":"","overlay-color":"","overlay-opacity":"","overlay-gradient":""},"mobile":{"background-color":"","background-image":"","background-repeat":"repeat","background-position":"center center","background-size":"auto","background-attachment":"scroll","background-type":"","background-media":"","overlay-type":"","overlay-color":"","overlay-opacity":"","overlay-gradient":""}},"ast-content-background-meta":{"desktop":{"background-color":"var(--ast-global-color-5)","background-image":"","background-repeat":"repeat","background-position":"center center","background-size":"auto","background-attachment":"scroll","background-type":"","background-media":"","overlay-type":"","overlay-color":"","overlay-opacity":"","overlay-gradient":""},"tablet":{"background-color":"var(--ast-global-color-5)","background-image":"","background-repeat":"repeat","background-position":"center center","background-size":"auto","background-attachment":"scroll","background-type":"","background-media":"","overlay-type":"","overlay-color":"","overlay-opacity":"","overlay-gradient":""},"mobile":{"background-color":"var(--ast-global-color-5)","background-image":"","background-repeat":"repeat","background-position":"center center","background-size":"auto","background-attachment":"scroll","background-type":"","background-media":"","overlay-type":"","overlay-color":"","overlay-opacity":"","overlay-gradient":""}},"footnotes":""},"class_list":["post-1250","page","type-page","status-publish","hentry"],"acf":[],"yoast_head":"<!-- This site is optimized with the Yoast SEO plugin v24.6 - https:\/\/yoast.com\/wordpress\/plugins\/seo\/ -->\n<title>Biceberg - Aparcamiento para bicicletas<\/title>\n<meta name=\"robots\" content=\"index, follow, max-snippet:-1, max-image-preview:large, max-video-preview:-1\" \/>\n<link rel=\"canonical\" href=\"https:\/\/biceberg.com\/es\/empresa\/\" \/>\n<meta property=\"og:locale\" content=\"es_ES\" \/>\n<meta property=\"og:type\" content=\"article\" \/>\n<meta property=\"og:title\" content=\"Biceberg - Aparcamiento para bicicletas\" \/>\n<meta property=\"og:description\" content=\"Empresa \u00bfA qu\u00e9 nos dedicamos? La sociedad limitada ma-SISTEMAS, s.l. fue creada en 1994 para desarrollar un sistema seguro para el estacionamiento de bicicletas. Somos una empresa con una larga tradici\u00f3n y experiencia en el dise\u00f1o, desarrollo y construcci\u00f3n de sistemas autom\u00e1ticos de aparcamiento para bicicletas. Con el fin de dise\u00f1ar un producto \u00fanico, trabajamos [&hellip;]\" \/>\n<meta property=\"og:url\" content=\"https:\/\/biceberg.com\/es\/empresa\/\" \/>\n<meta property=\"og:site_name\" content=\"Biceberg\" \/>\n<meta property=\"article:modified_time\" content=\"2024-01-03T09:37:05+00:00\" \/>\n<meta property=\"og:image\" content=\"https:\/\/biceberg.com\/wp-content\/uploads\/2023\/08\/Biceberg-penedes.jpg\" \/>\n<meta name=\"twitter:card\" content=\"summary_large_image\" \/>\n<meta name=\"twitter:label1\" content=\"Tiempo de lectura\" \/>\n\t<meta name=\"twitter:data1\" content=\"3 minutos\" \/>\n<script type=\"application\/ld+json\" class=\"yoast-schema-graph\">{\"@context\":\"https:\/\/schema.org\",\"@graph\":[{\"@type\":\"WebPage\",\"@id\":\"https:\/\/biceberg.com\/es\/empresa\/\",\"url\":\"https:\/\/biceberg.com\/es\/empresa\/\",\"name\":\"Biceberg - Aparcamiento para bicicletas\",\"isPartOf\":{\"@id\":\"https:\/\/biceberg.com\/es\/#website\"},\"primaryImageOfPage\":{\"@id\":\"https:\/\/biceberg.com\/es\/empresa\/#primaryimage\"},\"image\":{\"@id\":\"https:\/\/biceberg.com\/es\/empresa\/#primaryimage\"},\"thumbnailUrl\":\"https:\/\/biceberg.com\/wp-content\/uploads\/2023\/08\/Biceberg-penedes.jpg\",\"datePublished\":\"2023-08-18T13:19:33+00:00\",\"dateModified\":\"2024-01-03T09:37:05+00:00\",\"breadcrumb\":{\"@id\":\"https:\/\/biceberg.com\/es\/empresa\/#breadcrumb\"},\"inLanguage\":\"es\",\"potentialAction\":[{\"@type\":\"ReadAction\",\"target\":[\"https:\/\/biceberg.com\/es\/empresa\/\"]}]},{\"@type\":\"ImageObject\",\"inLanguage\":\"es\",\"@id\":\"https:\/\/biceberg.com\/es\/empresa\/#primaryimage\",\"url\":\"https:\/\/biceberg.com\/wp-content\/uploads\/2023\/08\/Biceberg-penedes.jpg\",\"contentUrl\":\"https:\/\/biceberg.com\/wp-content\/uploads\/2023\/08\/Biceberg-penedes.jpg\"},{\"@type\":\"BreadcrumbList\",\"@id\":\"https:\/\/biceberg.com\/es\/empresa\/#breadcrumb\",\"itemListElement\":[{\"@type\":\"ListItem\",\"position\":1,\"name\":\"Inicio\",\"item\":\"https:\/\/biceberg.com\/es\/\"},{\"@type\":\"ListItem\",\"position\":2,\"name\":\"Empresa\"}]},{\"@type\":\"WebSite\",\"@id\":\"https:\/\/biceberg.com\/es\/#website\",\"url\":\"https:\/\/biceberg.com\/es\/\",\"name\":\"Biceberg\",\"description\":\"Automated bicycle parking biceberg\",\"potentialAction\":[{\"@type\":\"SearchAction\",\"target\":{\"@type\":\"EntryPoint\",\"urlTemplate\":\"https:\/\/biceberg.com\/es\/?s={search_term_string}\"},\"query-input\":{\"@type\":\"PropertyValueSpecification\",\"valueRequired\":true,\"valueName\":\"search_term_string\"}}],\"inLanguage\":\"es\"}]}<\/script>\n<!-- \/ Yoast SEO plugin. -->","yoast_head_json":{"title":"Biceberg - Aparcamiento para bicicletas","robots":{"index":"index","follow":"follow","max-snippet":"max-snippet:-1","max-image-preview":"max-image-preview:large","max-video-preview":"max-video-preview:-1"},"canonical":"https:\/\/biceberg.com\/es\/empresa\/","og_locale":"es_ES","og_type":"article","og_title":"Biceberg - Aparcamiento para bicicletas","og_description":"Empresa \u00bfA qu\u00e9 nos dedicamos? La sociedad limitada ma-SISTEMAS, s.l. fue creada en 1994 para desarrollar un sistema seguro para el estacionamiento de bicicletas. Somos una empresa con una larga tradici\u00f3n y experiencia en el dise\u00f1o, desarrollo y construcci\u00f3n de sistemas autom\u00e1ticos de aparcamiento para bicicletas. Con el fin de dise\u00f1ar un producto \u00fanico, trabajamos [&hellip;]","og_url":"https:\/\/biceberg.com\/es\/empresa\/","og_site_name":"Biceberg","article_modified_time":"2024-01-03T09:37:05+00:00","og_image":[{"url":"https:\/\/biceberg.com\/wp-content\/uploads\/2023\/08\/Biceberg-penedes.jpg","type":"","width":"","height":""}],"twitter_card":"summary_large_image","twitter_misc":{"Tiempo de lectura":"3 minutos"},"schema":{"@context":"https:\/\/schema.org","@graph":[{"@type":"WebPage","@id":"https:\/\/biceberg.com\/es\/empresa\/","url":"https:\/\/biceberg.com\/es\/empresa\/","name":"Biceberg - Aparcamiento para bicicletas","isPartOf":{"@id":"https:\/\/biceberg.com\/es\/#website"},"primaryImageOfPage":{"@id":"https:\/\/biceberg.com\/es\/empresa\/#primaryimage"},"image":{"@id":"https:\/\/biceberg.com\/es\/empresa\/#primaryimage"},"thumbnailUrl":"https:\/\/biceberg.com\/wp-content\/uploads\/2023\/08\/Biceberg-penedes.jpg","datePublished":"2023-08-18T13:19:33+00:00","dateModified":"2024-01-03T09:37:05+00:00","breadcrumb":{"@id":"https:\/\/biceberg.com\/es\/empresa\/#breadcrumb"},"inLanguage":"es","potentialAction":[{"@type":"ReadAction","target":["https:\/\/biceberg.com\/es\/empresa\/"]}]},{"@type":"ImageObject","inLanguage":"es","@id":"https:\/\/biceberg.com\/es\/empresa\/#primaryimage","url":"https:\/\/biceberg.com\/wp-content\/uploads\/2023\/08\/Biceberg-penedes.jpg","contentUrl":"https:\/\/biceberg.com\/wp-content\/uploads\/2023\/08\/Biceberg-penedes.jpg"},{"@type":"BreadcrumbList","@id":"https:\/\/biceberg.com\/es\/empresa\/#breadcrumb","itemListElement":[{"@type":"ListItem","position":1,"name":"Inicio","item":"https:\/\/biceberg.com\/es\/"},{"@type":"ListItem","position":2,"name":"Empresa"}]},{"@type":"WebSite","@id":"https:\/\/biceberg.com\/es\/#website","url":"https:\/\/biceberg.com\/es\/","name":"Biceberg","description":"Automated bicycle parking biceberg","potentialAction":[{"@type":"SearchAction","target":{"@type":"EntryPoint","urlTemplate":"https:\/\/biceberg.com\/es\/?s={search_term_string}"},"query-input":{"@type":"PropertyValueSpecification","valueRequired":true,"valueName":"search_term_string"}}],"inLanguage":"es"}]}},"_links":{"self":[{"href":"https:\/\/biceberg.com\/es\/wp-json\/wp\/v2\/pages\/1250","targetHints":{"allow":["GET"]}}],"collection":[{"href":"https:\/\/biceberg.com\/es\/wp-json\/wp\/v2\/pages"}],"about":[{"href":"https:\/\/biceberg.com\/es\/wp-json\/wp\/v2\/types\/page"}],"author":[{"embeddable":true,"href":"https:\/\/biceberg.com\/es\/wp-json\/wp\/v2\/users\/1"}],"replies":[{"embeddable":true,"href":"https:\/\/biceberg.com\/es\/wp-json\/wp\/v2\/comments?post=1250"}],"version-history":[{"count":29,"href":"https:\/\/biceberg.com\/es\/wp-json\/wp\/v2\/pages\/1250\/revisions"}],"predecessor-version":[{"id":1603,"href":"https:\/\/biceberg.com\/es\/wp-json\/wp\/v2\/pages\/1250\/revisions\/1603"}],"wp:attachment":[{"href":"https:\/\/biceberg.com\/es\/wp-json\/wp\/v2\/media?parent=1250"}],"curies":[{"name":"wp","href":"https:\/\/api.w.org\/{rel}","templated":true}]}}