{"id":1339,"date":"2022-12-14T11:35:55","date_gmt":"2022-12-14T10:35:55","guid":{"rendered":"https:\/\/biceberg.com\/privacy-policy\/"},"modified":"2023-11-15T15:33:36","modified_gmt":"2023-11-15T14:33:36","slug":"privacy-policy","status":"publish","type":"page","link":"https:\/\/biceberg.com\/es\/privacy-policy\/","title":{"rendered":"Pol\u00edtica de privacidad"},"content":{"rendered":"\t\t<div data-elementor-type=\"wp-page\" data-elementor-id=\"1339\" class=\"elementor elementor-1339 elementor-29\" data-elementor-post-type=\"page\">\n\t\t\t\t\t\t<section class=\"elementor-section elementor-top-section elementor-element elementor-element-d4fc559 elementor-section-height-min-height elementor-section-boxed elementor-section-height-default elementor-section-items-middle\" data-id=\"d4fc559\" data-element_type=\"section\" data-settings=\"{&quot;background_background&quot;:&quot;classic&quot;}\">\n\t\t\t\t\t\t<div class=\"elementor-container elementor-column-gap-default\">\n\t\t\t\t\t<div class=\"elementor-column elementor-col-50 elementor-top-column elementor-element elementor-element-f0f7fea\" data-id=\"f0f7fea\" data-element_type=\"column\">\n\t\t\t<div class=\"elementor-widget-wrap elementor-element-populated\">\n\t\t\t\t\t\t<div class=\"elementor-element elementor-element-396e043 elementor-widget elementor-widget-heading\" data-id=\"396e043\" data-element_type=\"widget\" data-widget_type=\"heading.default\">\n\t\t\t\t<div class=\"elementor-widget-container\">\n\t\t\t\t\t<h2 class=\"elementor-heading-title elementor-size-default\">Pol\u00edtica de privacidad<\/h2>\t\t\t\t<\/div>\n\t\t\t\t<\/div>\n\t\t\t\t\t<\/div>\n\t\t<\/div>\n\t\t\t\t<div class=\"elementor-column elementor-col-50 elementor-top-column elementor-element elementor-element-115739b\" data-id=\"115739b\" data-element_type=\"column\">\n\t\t\t<div class=\"elementor-widget-wrap elementor-element-populated\">\n\t\t\t\t\t\t<div class=\"elementor-element elementor-element-6597b09 elementor-align-right elementor-mobile-align-left elementor-widget elementor-widget-breadcrumbs\" data-id=\"6597b09\" data-element_type=\"widget\" data-widget_type=\"breadcrumbs.default\">\n\t\t\t\t<div class=\"elementor-widget-container\">\n\t\t\t\t\t<p id=\"breadcrumbs\"><span><span><a href=\"https:\/\/biceberg.com\/es\/\">Inicio<\/a><\/span><\/span><\/p>\t\t\t\t<\/div>\n\t\t\t\t<\/div>\n\t\t\t\t\t<\/div>\n\t\t<\/div>\n\t\t\t\t\t<\/div>\n\t\t<\/section>\n\t\t\t\t<section class=\"elementor-section elementor-top-section elementor-element elementor-element-f287366 elementor-section-boxed elementor-section-height-default elementor-section-height-default\" data-id=\"f287366\" data-element_type=\"section\">\n\t\t\t\t\t\t<div class=\"elementor-container elementor-column-gap-default\">\n\t\t\t\t\t<div class=\"elementor-column elementor-col-100 elementor-top-column elementor-element elementor-element-3d4e33d\" data-id=\"3d4e33d\" data-element_type=\"column\">\n\t\t\t<div class=\"elementor-widget-wrap elementor-element-populated\">\n\t\t\t\t\t\t<div class=\"elementor-element elementor-element-5a81e97 elementor-widget elementor-widget-text-editor\" data-id=\"5a81e97\" data-element_type=\"widget\" data-widget_type=\"text-editor.default\">\n\t\t\t\t<div class=\"elementor-widget-container\">\n\t\t\t\t\t\t\t\t\t<p><strong>1. INFORMACI\u00d3N PARA EL USUARIO<\/strong><\/p>\n<p><span id=\"gmail-cliente-razonSocial-viejo\">MA-SISTEMAS, S.L.<\/span>, en adelante RESPONSABLE, es el Responsable del tratamiento de los datos personales del Usuario y le informa que dichos datos ser\u00e1n tratados de conformidad con lo dispuesto en la normativa vigente en materia de protecci\u00f3n de datos personales,Reglamento (UE) 2016\/679 de 27 de abril de 2016 (GDPR) relativo a la protecci\u00f3n de las personas f\u00edsicas en lo que respecta al tratamiento de datos personales y a la libre circulaci\u00f3n de estos datos, y Ley Org\u00e1nica 3\/2018, de 5 de diciembre (LOPDGDD), para lo cual se le facilita la siguiente informaci\u00f3n del tratamiento:Finalidad del tratamiento: mantener una relaci\u00f3n comercial con el Usuario. Las operaciones previstas para llevar a cabo el tratamiento son:<\/p>\n<p>Remitir comunicaciones comerciales publicitarias, siempre que haya sido previamente autorizado, por correo electr\u00f3nico, fax, SMS, MMS, comunidades sociales o cualesquiera otros medios electr\u00f3nicos o f\u00edsicos, presentes o futuros, que posibiliten realizar comunicaciones comerciales. Estas comunicaciones ser\u00e1n realizadas por el RESPONSABLE y relacionadas sobre sus productos y servicios, o de sus colaboradores o proveedores con los que \u00e9ste haya alcanzado alg\u00fan acuerdo de promoci\u00f3n.En este caso, los terceros nunca tendr\u00e1n acceso a los datos personales.<br \/>Realizar estudios estad\u00edsticos.<br \/>Tramitar encargos, solicitudes o cualquier tipo de petici\u00f3n que sea realizada por el usuario a trav\u00e9s de cualquiera de las formas de contacto que se ponen a su disposici\u00f3n.<br \/>Para enviar el bolet\u00edn del sitio web.<\/p>\n<p>Base jur\u00eddica del tratamiento: consentimiento del interesado.Criterios de conservaci\u00f3n de los datos: los datos se conservar\u00e1n mientras exista un inter\u00e9s mutuo en mantener la finalidad del tratamiento y cuando ya no sean necesarios para tal fin, se suprimir\u00e1n con las medidas de seguridad adecuadas para garantizar la seudonimizaci\u00f3n de los datos o la destrucci\u00f3n total de los mismos.<\/p>\n<p>Comunicaci\u00f3n de datos: Los datos no se comunicar\u00e1n a terceros, salvo obligaci\u00f3n legal.<\/p>\n<p>Derechos del usuario:Derecho a retirar el consentimiento en cualquier momento.<br \/>Derecho de acceso, rectificaci\u00f3n, portabilidad y supresi\u00f3n de sus datos y a limitar su tratamiento u oponerse a \u00e9l.<br \/>Derecho a presentar una reclamaci\u00f3n ante la autoridad de control (agpd.es) si considera que el tratamiento no se ajusta a la normativa vigente. Datos de contacto para el ejercicio de sus derechos:<span id=\"gmail-cliente-razonSocial-viejo\">MA-SISTEMAS, S.L.<\/span><br \/>Direcci\u00f3n: Calle <span id=\"gmail-cliente-direccion-viejo\">Pico Collarada 2, 5\u00baF <\/span><span id=\"gmail-cliente-direccion2-viejo\">22700 &#8211; Jaca (Huesca, Espa\u00f1a)<\/span><br \/>E-mai:info@biceberg.com<\/p>\n<p><strong>2. CAR\u00c1CTER OBLIGATORIO O FACULTATIVO DE LA INFORMACI\u00d3N FACILITADA POR EL USUARIO<\/strong><\/p>\n<p>Los usuarios, mediante la marcaci\u00f3n de las casillas correspondientes y la introducci\u00f3n de datos en los campos marcados con un asterisco (*) en el formulario de contacto o presentados en formularios de descarga, aceptan expresamente y de forma libre e inequ\u00edvoca que sus datos son necesarios para que el prestador pueda atender su solicitud, siendo voluntaria la inclusi\u00f3n de datos en los campos restantes. El Usuario garantiza que los datos personales facilitados al RESPONSABLE son veraces y se hace responsable de comunicar al mismo cualquier modificaci\u00f3n de los mismos.<\/p>\n<p>El RESPONSABLE informa y garantiza expresamente a los usuarios que sus datos personales no ser\u00e1n cedidos en ning\u00fan caso a terceros, y que siempre que fuera a realizarse alg\u00fan tipo de cesi\u00f3n de datos personales, de forma previa, se solicitar\u00eda el consentimiento expreso, informado, e inequ\u00edvoco por parte de los Usuarios. Todos los datos solicitados a trav\u00e9s del sitio web son obligatorios, ya que son necesarios para la prestaci\u00f3n de un servicio \u00f3ptimo al Usuario. En caso de que no sean facilitados todos los datos, no se garantiza que la informaci\u00f3n y servicios facilitados sean completamente ajustados a las necesidades del Usuario.<\/p>\n<p><strong>3. MEDIDAS DE SEGURIDAD<\/strong><\/p>\n<p>Que de conformidad con lo dispuesto en la normativa vigente en materia de protecci\u00f3n de datos de car\u00e1cter personal, el RESPONSABLE est\u00e1 cumpliendo con todas las disposiciones de la normativa GDPR para el tratamiento de los datos de car\u00e1cter personal bajo su responsabilidad, y manifiestamente con los principios descritos en el art\u00edculo 5 del GDPR, por lo que son tratados de forma l\u00edcita, leal y transparente en relaci\u00f3n con el interesado y de manera adecuada, pertinente y limitada a lo necesario en relaci\u00f3n con los fines para los que son tratados.<\/p>\n<p>El RESPONSABLE garantiza que ha implementado pol\u00edticas t\u00e9cnicas y organizativas apropiadas para aplicar las medidas de seguridad establecidas en el GDPR con el fin de proteger los derechos y libertades de los Usuarios y les ha comunicado la informaci\u00f3n adecuada para que puedan ejercerlos.<\/p>\n\t\t\t\t\t\t\t\t<\/div>\n\t\t\t\t<\/div>\n\t\t\t\t\t<\/div>\n\t\t<\/div>\n\t\t\t\t\t<\/div>\n\t\t<\/section>\n\t\t\t\t<\/div>\n\t\t","protected":false},"excerpt":{"rendered":"<p>1. INFORMACI\u00d3N PARA EL USUARIO MA-SISTEMAS, S.L., en adelante RESPONSABLE, es el Responsable del tratamiento de los datos personales del Usuario y le informa que dichos datos ser\u00e1n tratados de conformidad con lo dispuesto en la normativa vigente en materia de protecci\u00f3n de datos personales,Reglamento (UE) 2016\/679 de 27 de abril de 2016 (GDPR) relativo [&hellip;]<\/p>\n","protected":false},"author":1,"featured_media":0,"parent":0,"menu_order":0,"comment_status":"closed","ping_status":"closed","template":"","meta":{"_acf_changed":false,"site-sidebar-layout":"no-sidebar","site-content-layout":"page-builder","ast-site-content-layout":"","site-content-style":"default","site-sidebar-style":"default","ast-global-header-display":"","ast-banner-title-visibility":"","ast-main-header-display":"","ast-hfb-above-header-display":"","ast-hfb-below-header-display":"","ast-hfb-mobile-header-display":"","site-post-title":"disabled","ast-breadcrumbs-content":"","ast-featured-img":"disabled","footer-sml-layout":"","theme-transparent-header-meta":"default","adv-header-id-meta":"","stick-header-meta":"","header-above-stick-meta":"","header-main-stick-meta":"","header-below-stick-meta":"","astra-migrate-meta-layouts":"default","ast-page-background-enabled":"default","ast-page-background-meta":{"desktop":{"background-color":"var(--ast-global-color-4)","background-image":"","background-repeat":"repeat","background-position":"center center","background-size":"auto","background-attachment":"scroll","background-type":"","background-media":"","overlay-type":"","overlay-color":"","overlay-opacity":"","overlay-gradient":""},"tablet":{"background-color":"","background-image":"","background-repeat":"repeat","background-position":"center center","background-size":"auto","background-attachment":"scroll","background-type":"","background-media":"","overlay-type":"","overlay-color":"","overlay-opacity":"","overlay-gradient":""},"mobile":{"background-color":"","background-image":"","background-repeat":"repeat","background-position":"center center","background-size":"auto","background-attachment":"scroll","background-type":"","background-media":"","overlay-type":"","overlay-color":"","overlay-opacity":"","overlay-gradient":""}},"ast-content-background-meta":{"desktop":{"background-color":"var(--ast-global-color-5)","background-image":"","background-repeat":"repeat","background-position":"center center","background-size":"auto","background-attachment":"scroll","background-type":"","background-media":"","overlay-type":"","overlay-color":"","overlay-opacity":"","overlay-gradient":""},"tablet":{"background-color":"var(--ast-global-color-5)","background-image":"","background-repeat":"repeat","background-position":"center center","background-size":"auto","background-attachment":"scroll","background-type":"","background-media":"","overlay-type":"","overlay-color":"","overlay-opacity":"","overlay-gradient":""},"mobile":{"background-color":"var(--ast-global-color-5)","background-image":"","background-repeat":"repeat","background-position":"center center","background-size":"auto","background-attachment":"scroll","background-type":"","background-media":"","overlay-type":"","overlay-color":"","overlay-opacity":"","overlay-gradient":""}},"footnotes":""},"class_list":["post-1339","page","type-page","status-publish","hentry"],"acf":[],"yoast_head":"<!-- This site is optimized with the Yoast SEO plugin v24.6 - https:\/\/yoast.com\/wordpress\/plugins\/seo\/ -->\n<title>Pol\u00edtica de privacidad - Biceberg<\/title>\n<meta name=\"robots\" content=\"noindex, follow\" \/>\n<meta property=\"og:locale\" content=\"es_ES\" \/>\n<meta property=\"og:type\" content=\"article\" \/>\n<meta property=\"og:title\" content=\"Pol\u00edtica de privacidad - Biceberg\" \/>\n<meta property=\"og:description\" content=\"1. INFORMACI\u00d3N PARA EL USUARIO MA-SISTEMAS, S.L., en adelante RESPONSABLE, es el Responsable del tratamiento de los datos personales del Usuario y le informa que dichos datos ser\u00e1n tratados de conformidad con lo dispuesto en la normativa vigente en materia de protecci\u00f3n de datos personales,Reglamento (UE) 2016\/679 de 27 de abril de 2016 (GDPR) relativo [&hellip;]\" \/>\n<meta property=\"og:url\" content=\"https:\/\/biceberg.com\/es\/privacy-policy\/\" \/>\n<meta property=\"og:site_name\" content=\"Biceberg\" \/>\n<meta property=\"article:modified_time\" content=\"2023-11-15T14:33:36+00:00\" \/>\n<meta name=\"twitter:card\" content=\"summary_large_image\" \/>\n<meta name=\"twitter:label1\" content=\"Tiempo de lectura\" \/>\n\t<meta name=\"twitter:data1\" content=\"4 minutos\" \/>\n<script type=\"application\/ld+json\" class=\"yoast-schema-graph\">{\"@context\":\"https:\/\/schema.org\",\"@graph\":[{\"@type\":\"WebPage\",\"@id\":\"https:\/\/biceberg.com\/es\/privacy-policy\/\",\"url\":\"https:\/\/biceberg.com\/es\/privacy-policy\/\",\"name\":\"Pol\u00edtica de privacidad - Biceberg\",\"isPartOf\":{\"@id\":\"https:\/\/biceberg.com\/es\/#website\"},\"datePublished\":\"2022-12-14T10:35:55+00:00\",\"dateModified\":\"2023-11-15T14:33:36+00:00\",\"breadcrumb\":{\"@id\":\"https:\/\/biceberg.com\/es\/privacy-policy\/#breadcrumb\"},\"inLanguage\":\"es\",\"potentialAction\":[{\"@type\":\"ReadAction\",\"target\":[\"https:\/\/biceberg.com\/es\/privacy-policy\/\"]}]},{\"@type\":\"BreadcrumbList\",\"@id\":\"https:\/\/biceberg.com\/es\/privacy-policy\/#breadcrumb\",\"itemListElement\":[{\"@type\":\"ListItem\",\"position\":1,\"name\":\"Inicio\",\"item\":\"https:\/\/biceberg.com\/es\/\"},{\"@type\":\"ListItem\",\"position\":2,\"name\":\"Pol\u00edtica de privacidad\"}]},{\"@type\":\"WebSite\",\"@id\":\"https:\/\/biceberg.com\/es\/#website\",\"url\":\"https:\/\/biceberg.com\/es\/\",\"name\":\"Biceberg\",\"description\":\"Automated bicycle parking biceberg\",\"potentialAction\":[{\"@type\":\"SearchAction\",\"target\":{\"@type\":\"EntryPoint\",\"urlTemplate\":\"https:\/\/biceberg.com\/es\/?s={search_term_string}\"},\"query-input\":{\"@type\":\"PropertyValueSpecification\",\"valueRequired\":true,\"valueName\":\"search_term_string\"}}],\"inLanguage\":\"es\"}]}<\/script>\n<!-- \/ Yoast SEO plugin. -->","yoast_head_json":{"title":"Pol\u00edtica de privacidad - Biceberg","robots":{"index":"noindex","follow":"follow"},"og_locale":"es_ES","og_type":"article","og_title":"Pol\u00edtica de privacidad - Biceberg","og_description":"1. INFORMACI\u00d3N PARA EL USUARIO MA-SISTEMAS, S.L., en adelante RESPONSABLE, es el Responsable del tratamiento de los datos personales del Usuario y le informa que dichos datos ser\u00e1n tratados de conformidad con lo dispuesto en la normativa vigente en materia de protecci\u00f3n de datos personales,Reglamento (UE) 2016\/679 de 27 de abril de 2016 (GDPR) relativo [&hellip;]","og_url":"https:\/\/biceberg.com\/es\/privacy-policy\/","og_site_name":"Biceberg","article_modified_time":"2023-11-15T14:33:36+00:00","twitter_card":"summary_large_image","twitter_misc":{"Tiempo de lectura":"4 minutos"},"schema":{"@context":"https:\/\/schema.org","@graph":[{"@type":"WebPage","@id":"https:\/\/biceberg.com\/es\/privacy-policy\/","url":"https:\/\/biceberg.com\/es\/privacy-policy\/","name":"Pol\u00edtica de privacidad - Biceberg","isPartOf":{"@id":"https:\/\/biceberg.com\/es\/#website"},"datePublished":"2022-12-14T10:35:55+00:00","dateModified":"2023-11-15T14:33:36+00:00","breadcrumb":{"@id":"https:\/\/biceberg.com\/es\/privacy-policy\/#breadcrumb"},"inLanguage":"es","potentialAction":[{"@type":"ReadAction","target":["https:\/\/biceberg.com\/es\/privacy-policy\/"]}]},{"@type":"BreadcrumbList","@id":"https:\/\/biceberg.com\/es\/privacy-policy\/#breadcrumb","itemListElement":[{"@type":"ListItem","position":1,"name":"Inicio","item":"https:\/\/biceberg.com\/es\/"},{"@type":"ListItem","position":2,"name":"Pol\u00edtica de privacidad"}]},{"@type":"WebSite","@id":"https:\/\/biceberg.com\/es\/#website","url":"https:\/\/biceberg.com\/es\/","name":"Biceberg","description":"Automated bicycle parking biceberg","potentialAction":[{"@type":"SearchAction","target":{"@type":"EntryPoint","urlTemplate":"https:\/\/biceberg.com\/es\/?s={search_term_string}"},"query-input":{"@type":"PropertyValueSpecification","valueRequired":true,"valueName":"search_term_string"}}],"inLanguage":"es"}]}},"_links":{"self":[{"href":"https:\/\/biceberg.com\/es\/wp-json\/wp\/v2\/pages\/1339","targetHints":{"allow":["GET"]}}],"collection":[{"href":"https:\/\/biceberg.com\/es\/wp-json\/wp\/v2\/pages"}],"about":[{"href":"https:\/\/biceberg.com\/es\/wp-json\/wp\/v2\/types\/page"}],"author":[{"embeddable":true,"href":"https:\/\/biceberg.com\/es\/wp-json\/wp\/v2\/users\/1"}],"replies":[{"embeddable":true,"href":"https:\/\/biceberg.com\/es\/wp-json\/wp\/v2\/comments?post=1339"}],"version-history":[{"count":5,"href":"https:\/\/biceberg.com\/es\/wp-json\/wp\/v2\/pages\/1339\/revisions"}],"predecessor-version":[{"id":1421,"href":"https:\/\/biceberg.com\/es\/wp-json\/wp\/v2\/pages\/1339\/revisions\/1421"}],"wp:attachment":[{"href":"https:\/\/biceberg.com\/es\/wp-json\/wp\/v2\/media?parent=1339"}],"curies":[{"name":"wp","href":"https:\/\/api.w.org\/{rel}","templated":true}]}}